{"id":2,"date":"2022-02-17T12:02:16","date_gmt":"2022-02-17T11:02:16","guid":{"rendered":"http:\/\/aucoeurdescheveux.com\/energetique_capillaire\/?page_id=2"},"modified":"2026-02-08T19:06:53","modified_gmt":"2026-02-08T18:06:53","slug":"page-d-exemple","status":"publish","type":"page","link":"http:\/\/aucoeurdescheveux.com\/energetique_capillaire\/","title":{"rendered":"Accueil"},"content":{"rendered":"\n<div style=\"height:10px\" aria-hidden=\"true\" class=\"wp-block-spacer\"><\/div>\n\n\n<div class=\"wp-block-image is-style-default\">\n<figure class=\"aligncenter size-full is-resized\"><img loading=\"lazy\" decoding=\"async\" src=\"http:\/\/aucoeurdescheveux.com\/energetique_capillaire\/wp-content\/uploads\/2022\/02\/logo.png\" alt=\"\" class=\"wp-image-25\" width=\"360\" height=\"188\" srcset=\"http:\/\/aucoeurdescheveux.com\/energetique_capillaire\/wp-content\/uploads\/2022\/02\/logo.png 480w, http:\/\/aucoeurdescheveux.com\/energetique_capillaire\/wp-content\/uploads\/2022\/02\/logo-300x156.png 300w\" sizes=\"auto, (max-width: 360px) 100vw, 360px\" \/><\/figure>\n<\/div>\n\n\n<p class=\"has-text-align-center has-text-color has-medium-font-size\" style=\"color:#4f1189\"><\/p>\n\n\n<div class=\"su-animate\" style=\"opacity:0;-webkit-animation-duration:1s;-webkit-animation-delay:0s;animation-duration:1s;animation-delay:0s;\" data-animation=\"fadeInLeft\" data-duration=\"1\" data-delay=\"0\">\n<p class=\"has-text-align-center has-text-color\" style=\"color:#57b224;font-size:22px;font-style:normal;font-weight:600\">Bienvenue dans mon institut !<\/p>\n<\/div>\n\n\n\n\n<div class=\"su-image-carousel  su-image-carousel-columns-4 su-image-carousel-has-spacing su-image-carousel-crop su-image-carousel-crop-3-4 su-image-carousel-has-outline su-image-carousel-adaptive su-image-carousel-slides-style-default su-image-carousel-controls-style-light su-image-carousel-align-center\" style=\"\" data-flickity-options='{\"groupCells\":true,\"cellSelector\":\".su-image-carousel-item\",\"adaptiveHeight\":false,\"cellAlign\":\"left\",\"prevNextButtons\":true,\"pageDots\":true,\"autoPlay\":5000,\"imagesLoaded\":true,\"contain\":true,\"selectedAttraction\":0.025,\"friction\":0.28}' id=\"su_image_carousel_69e08ad2e1ec2\"><div class=\"su-image-carousel-item\"><div class=\"su-image-carousel-item-content\"><img loading=\"lazy\" decoding=\"async\" width=\"236\" height=\"300\" src=\"http:\/\/aucoeurdescheveux.com\/energetique_capillaire\/wp-content\/uploads\/2022\/02\/portrait_recadre-236x300.jpg\" class=\"\" alt=\"\" srcset=\"http:\/\/aucoeurdescheveux.com\/energetique_capillaire\/wp-content\/uploads\/2022\/02\/portrait_recadre-236x300.jpg 236w, http:\/\/aucoeurdescheveux.com\/energetique_capillaire\/wp-content\/uploads\/2022\/02\/portrait_recadre.jpg 480w\" sizes=\"auto, (max-width: 236px) 100vw, 236px\" \/><\/div><\/div><div class=\"su-image-carousel-item\"><div class=\"su-image-carousel-item-content\"><img loading=\"lazy\" decoding=\"async\" width=\"142\" height=\"300\" src=\"http:\/\/aucoeurdescheveux.com\/energetique_capillaire\/wp-content\/uploads\/2022\/02\/siege-142x300.jpg\" class=\"\" alt=\"\" srcset=\"http:\/\/aucoeurdescheveux.com\/energetique_capillaire\/wp-content\/uploads\/2022\/02\/siege-142x300.jpg 142w, http:\/\/aucoeurdescheveux.com\/energetique_capillaire\/wp-content\/uploads\/2022\/02\/siege-485x1024.jpg 485w, http:\/\/aucoeurdescheveux.com\/energetique_capillaire\/wp-content\/uploads\/2022\/02\/siege.jpg 643w\" sizes=\"auto, (max-width: 142px) 100vw, 142px\" \/><\/div><\/div><div class=\"su-image-carousel-item\"><div class=\"su-image-carousel-item-content\"><img loading=\"lazy\" decoding=\"async\" width=\"142\" height=\"300\" src=\"http:\/\/aucoeurdescheveux.com\/energetique_capillaire\/wp-content\/uploads\/2022\/02\/outils-142x300.jpg\" class=\"\" alt=\"\" srcset=\"http:\/\/aucoeurdescheveux.com\/energetique_capillaire\/wp-content\/uploads\/2022\/02\/outils-142x300.jpg 142w, http:\/\/aucoeurdescheveux.com\/energetique_capillaire\/wp-content\/uploads\/2022\/02\/outils.jpg 303w\" sizes=\"auto, (max-width: 142px) 100vw, 142px\" \/><\/div><\/div><div class=\"su-image-carousel-item\"><div class=\"su-image-carousel-item-content\"><img loading=\"lazy\" decoding=\"async\" width=\"142\" height=\"300\" src=\"http:\/\/aucoeurdescheveux.com\/energetique_capillaire\/wp-content\/uploads\/2022\/02\/fauteuil-142x300.jpg\" class=\"\" alt=\"\" srcset=\"http:\/\/aucoeurdescheveux.com\/energetique_capillaire\/wp-content\/uploads\/2022\/02\/fauteuil-142x300.jpg 142w, http:\/\/aucoeurdescheveux.com\/energetique_capillaire\/wp-content\/uploads\/2022\/02\/fauteuil.jpg 303w\" sizes=\"auto, (max-width: 142px) 100vw, 142px\" \/><\/div><\/div><div class=\"su-image-carousel-item\"><div class=\"su-image-carousel-item-content\"><img loading=\"lazy\" decoding=\"async\" width=\"142\" height=\"300\" src=\"http:\/\/aucoeurdescheveux.com\/energetique_capillaire\/wp-content\/uploads\/2022\/03\/2502398744539016826-142x300.jpg\" class=\"\" alt=\"\" srcset=\"http:\/\/aucoeurdescheveux.com\/energetique_capillaire\/wp-content\/uploads\/2022\/03\/2502398744539016826-142x300.jpg 142w, http:\/\/aucoeurdescheveux.com\/energetique_capillaire\/wp-content\/uploads\/2022\/03\/2502398744539016826-485x1024.jpg 485w, http:\/\/aucoeurdescheveux.com\/energetique_capillaire\/wp-content\/uploads\/2022\/03\/2502398744539016826.jpg 643w\" sizes=\"auto, (max-width: 142px) 100vw, 142px\" \/><\/div><\/div><div class=\"su-image-carousel-item\"><div class=\"su-image-carousel-item-content\"><img loading=\"lazy\" decoding=\"async\" width=\"142\" height=\"300\" src=\"http:\/\/aucoeurdescheveux.com\/energetique_capillaire\/wp-content\/uploads\/2022\/02\/salon-142x300.jpg\" class=\"\" alt=\"\" srcset=\"http:\/\/aucoeurdescheveux.com\/energetique_capillaire\/wp-content\/uploads\/2022\/02\/salon-142x300.jpg 142w, http:\/\/aucoeurdescheveux.com\/energetique_capillaire\/wp-content\/uploads\/2022\/02\/salon.jpg 302w\" sizes=\"auto, (max-width: 142px) 100vw, 142px\" \/><\/div><\/div><\/div><script id=\"su_image_carousel_69e08ad2e1ec2_script\">if(window.SUImageCarousel){setTimeout(function() {window.SUImageCarousel.initGallery(document.getElementById(\"su_image_carousel_69e08ad2e1ec2\"))}, 0);}var su_image_carousel_69e08ad2e1ec2_script=document.getElementById(\"su_image_carousel_69e08ad2e1ec2_script\");if(su_image_carousel_69e08ad2e1ec2_script){su_image_carousel_69e08ad2e1ec2_script.parentNode.removeChild(su_image_carousel_69e08ad2e1ec2_script);}<\/script>\n\n\n<blockquote class=\"wp-block-quote is-style-default\" style=\"color: #5ab031;\">\n<p><strong><em>C&rsquo;est avec joie que je vous invite pour un voyage au c\u0153ur de votre belle personne&#8230;<\/em><\/strong><\/p>\n<\/blockquote>\n<p class=\"has-text-color\" style=\"color: #5ab031;\"><strong>L&rsquo;\u00c9NERGIE CAPILLAIRE et LA COUPE \u00c9NERG\u00c9TIQUE<\/strong><\/p>\n\n\n<p>Vos cheveux r\u00e9v\u00e8lent votre histoire. La coupe ex\u00e9cut\u00e9e au moyen d\u2019un rasoir traditionnel, le coupe-chou, suit le trajet des m\u00e9ridiens d\u2019acupuncture. Cette technique transmet des vibrations \u00e0 l\u2019ensemble du corps, et un d\u00e9codage des sensations induites vous aide \u00e0 recontacter vos m\u00e9moires, \u00e0 vous lib\u00e9rer de celles qui bloquent votre \u00e9nergie.<span style=\"color: #5ab031;\"><br>Psychologiquement et physiquement, c&rsquo;est <strong>une renaissance !<\/strong> Vos cheveux retrouvent force et beaut\u00e9.<\/span><\/p>\n\n\n\n<p><span style=\"color: #ff5b00;\">Pionni\u00e8re de la technique de coupe \u00e9nerg\u00e9tique dans la r\u00e9gion nantaise depuis 2003,<\/span> je m&rsquo;engage au service de mes clients suivant un code \u00e9thique pr\u00e9cis et en toute confidentialit\u00e9.<\/p>\n\n\n<p><span style=\"color: #ff5b00;\">Dans mon institut, vous \u00eates l&rsquo;<strong>unique<\/strong> b\u00e9n\u00e9ficiaire<\/span> des installations d\u00e9di\u00e9es \u00e0 votre bien \u00eatre. Cocoon\u00e9(e), choy\u00e9(e), vous \u00eates dans les meilleures conditions pour entamer un voyage \u00e0 la rencontre de votre beaut\u00e9 int\u00e9rieure.<\/p>\n<blockquote class=\"wp-block-quote is-style-default\" style=\"color: #ff5b00;\">\n<p><strong><em>Vivre pleinement le moment pr\u00e9sent et se r\u00e9jouir chaque matin d&rsquo;\u00eatre vivant&#8230;<\/em><\/strong><\/p>\n<\/blockquote>\n\n\n<p><\/p>\n","protected":false},"excerpt":{"rendered":"<p>C&rsquo;est avec joie que je vous invite pour un voyage au c\u0153ur de votre belle personne&#8230; L&rsquo;\u00c9NERGIE CAPILLAIRE et LA COUPE \u00c9NERG\u00c9TIQUE Vos cheveux r\u00e9v\u00e8lent votre histoire. La coupe ex\u00e9cut\u00e9e au moyen d\u2019un rasoir traditionnel, le coupe-chou, suit le trajet des m\u00e9ridiens d\u2019acupuncture. Cette technique transmet des vibrations \u00e0 l\u2019ensemble du corps, et un d\u00e9codage [&hellip;]<\/p>\n","protected":false},"author":1,"featured_media":0,"parent":0,"menu_order":0,"comment_status":"closed","ping_status":"open","template":"","meta":{"material-hide-sections":{"title":true},"footnotes":""},"class_list":["post-2","page","type-page","status-publish","hentry"],"_links":{"self":[{"href":"http:\/\/aucoeurdescheveux.com\/energetique_capillaire\/wp-json\/wp\/v2\/pages\/2","targetHints":{"allow":["GET"]}}],"collection":[{"href":"http:\/\/aucoeurdescheveux.com\/energetique_capillaire\/wp-json\/wp\/v2\/pages"}],"about":[{"href":"http:\/\/aucoeurdescheveux.com\/energetique_capillaire\/wp-json\/wp\/v2\/types\/page"}],"author":[{"embeddable":true,"href":"http:\/\/aucoeurdescheveux.com\/energetique_capillaire\/wp-json\/wp\/v2\/users\/1"}],"replies":[{"embeddable":true,"href":"http:\/\/aucoeurdescheveux.com\/energetique_capillaire\/wp-json\/wp\/v2\/comments?post=2"}],"version-history":[{"count":71,"href":"http:\/\/aucoeurdescheveux.com\/energetique_capillaire\/wp-json\/wp\/v2\/pages\/2\/revisions"}],"predecessor-version":[{"id":482,"href":"http:\/\/aucoeurdescheveux.com\/energetique_capillaire\/wp-json\/wp\/v2\/pages\/2\/revisions\/482"}],"wp:attachment":[{"href":"http:\/\/aucoeurdescheveux.com\/energetique_capillaire\/wp-json\/wp\/v2\/media?parent=2"}],"curies":[{"name":"wp","href":"https:\/\/api.w.org\/{rel}","templated":true}]}}