{"id":35,"date":"2022-02-17T14:38:16","date_gmt":"2022-02-17T13:38:16","guid":{"rendered":"http:\/\/aucoeurdescheveux.com\/energetique_capillaire\/?page_id=35"},"modified":"2026-02-08T19:13:20","modified_gmt":"2026-02-08T18:13:20","slug":"presentation","status":"publish","type":"page","link":"http:\/\/aucoeurdescheveux.com\/energetique_capillaire\/presentation\/","title":{"rendered":"Pr\u00e9sentation"},"content":{"rendered":"\n<div style=\"height:10px\" aria-hidden=\"true\" class=\"wp-block-spacer\"><\/div>\n\n\n<div class=\"su-image-carousel  su-image-carousel-columns-3 su-image-carousel-has-spacing su-image-carousel-crop su-image-carousel-crop-1-2 su-image-carousel-has-outline su-image-carousel-adaptive su-image-carousel-slides-style-default su-image-carousel-controls-style-light su-image-carousel-align-center\" style=\"\" data-flickity-options='{\"groupCells\":true,\"cellSelector\":\".su-image-carousel-item\",\"adaptiveHeight\":false,\"cellAlign\":\"left\",\"prevNextButtons\":true,\"pageDots\":true,\"autoPlay\":5000,\"imagesLoaded\":true,\"contain\":true,\"selectedAttraction\":0.025,\"friction\":0.28}' id=\"su_image_carousel_69e089fdbba0b\"><div class=\"su-image-carousel-item\"><div class=\"su-image-carousel-item-content\"><img loading=\"lazy\" decoding=\"async\" width=\"142\" height=\"300\" src=\"http:\/\/aucoeurdescheveux.com\/energetique_capillaire\/wp-content\/uploads\/2022\/03\/IMG_20220317_152706-142x300.jpg\" class=\"\" alt=\"\" srcset=\"http:\/\/aucoeurdescheveux.com\/energetique_capillaire\/wp-content\/uploads\/2022\/03\/IMG_20220317_152706-142x300.jpg 142w, http:\/\/aucoeurdescheveux.com\/energetique_capillaire\/wp-content\/uploads\/2022\/03\/IMG_20220317_152706-485x1024.jpg 485w, http:\/\/aucoeurdescheveux.com\/energetique_capillaire\/wp-content\/uploads\/2022\/03\/IMG_20220317_152706.jpg 643w\" sizes=\"auto, (max-width: 142px) 100vw, 142px\" \/><\/div><\/div><div class=\"su-image-carousel-item\"><div class=\"su-image-carousel-item-content\"><img loading=\"lazy\" decoding=\"async\" width=\"142\" height=\"300\" src=\"http:\/\/aucoeurdescheveux.com\/energetique_capillaire\/wp-content\/uploads\/2022\/02\/outils-142x300.jpg\" class=\"\" alt=\"\" srcset=\"http:\/\/aucoeurdescheveux.com\/energetique_capillaire\/wp-content\/uploads\/2022\/02\/outils-142x300.jpg 142w, http:\/\/aucoeurdescheveux.com\/energetique_capillaire\/wp-content\/uploads\/2022\/02\/outils.jpg 303w\" sizes=\"auto, (max-width: 142px) 100vw, 142px\" \/><\/div><\/div><div class=\"su-image-carousel-item\"><div class=\"su-image-carousel-item-content\"><img loading=\"lazy\" decoding=\"async\" width=\"142\" height=\"300\" src=\"http:\/\/aucoeurdescheveux.com\/energetique_capillaire\/wp-content\/uploads\/2022\/03\/3940798451754409539-142x300.jpg\" class=\"\" alt=\"\" srcset=\"http:\/\/aucoeurdescheveux.com\/energetique_capillaire\/wp-content\/uploads\/2022\/03\/3940798451754409539-142x300.jpg 142w, http:\/\/aucoeurdescheveux.com\/energetique_capillaire\/wp-content\/uploads\/2022\/03\/3940798451754409539-485x1024.jpg 485w, http:\/\/aucoeurdescheveux.com\/energetique_capillaire\/wp-content\/uploads\/2022\/03\/3940798451754409539.jpg 643w\" sizes=\"auto, (max-width: 142px) 100vw, 142px\" \/><\/div><\/div><\/div><script id=\"su_image_carousel_69e089fdbba0b_script\">if(window.SUImageCarousel){setTimeout(function() {window.SUImageCarousel.initGallery(document.getElementById(\"su_image_carousel_69e089fdbba0b\"))}, 0);}var su_image_carousel_69e089fdbba0b_script=document.getElementById(\"su_image_carousel_69e089fdbba0b_script\");if(su_image_carousel_69e089fdbba0b_script){su_image_carousel_69e089fdbba0b_script.parentNode.removeChild(su_image_carousel_69e089fdbba0b_script);}<\/script>\n\n\n<p class=\"has-text-color\" style=\"color: #5ab031;\"><strong>UNE COUPE AU COUPE-CHOU<\/strong><\/p>\n\n\n<p><\/p>\n\n\n\n<p>Praticienne en \u00e9nerg\u00e9tique capillaire, j\u2019ai d&rsquo;abord exerc\u00e9 comme coiffeuse traditionnelle.<br><span style=\"color: #ff5b00;\">Mes d\u00e9buts en coiffure homme m\u2019ont permis de me perfectionner dans le maniement du rasoir \u00ab\u00a0coupe-chou\u00a0\u00bb.<\/span><br>Employ\u00e9e dans un salon mixte pendant une douzaine d\u2019ann\u00e9es, c\u2019est tout naturellement que j\u2019ai mis \u00e0 profit l\u2019exp\u00e9rience acquise pour ouvrir mon entreprise \u00e0 Nantes en 1990.<\/p>\n\n\n<blockquote class=\"wp-block-quote is-style-default\" style=\"color: #6a0888;\">\n<p><em><strong>CHAQUE S\u00c9ANCE EST UNIQUE. Elles ont pourtant un lien commun : elles vous offrent l\u2019occasion d\u2019entrer en amour avec votre \u00eatre profond.<\/strong><br><\/em><\/p>\n<\/blockquote>\n\n\n<p><\/p>\n\n\n<p class=\"has-text-color\" style=\"color: #5ab031;\"><strong>INSPIR\u00c9E DE LA M\u00c9DECINE CHINOISE<\/strong><\/p>\n\n\n<p>Port\u00e9e par un travail en d\u00e9veloppement personnel et par la qualit\u00e9 des relations entretenues avec ma client\u00e8le, je m\u2019investis d\u00e9sormais dans un travail \u00e9nerg\u00e9tique alliant mes comp\u00e9tences pratiques \u00e0 ma connaissance de l\u2019humain.<\/p>\n\n\n\n<p><span style=\"color: #ff5b00;\">Cette volont\u00e9 de toujours mieux comprendre l\u2019autre \u00e0 trouv\u00e9 \u00e9cho dans une formation dipl\u00f4mante de 2 ans r\u00e9unissant les techniques de <strong>la coupe au rasoir et la m\u00e9decine chinoise<\/strong>.<\/span><\/p>\n\n\n\n<p><\/p>\n\n\n<p class=\"has-text-color\" style=\"color: #5ab031;\"><strong>EN TOUTE CONFIDENTIALIT\u00c9<\/strong><\/p>\n\n\n<p>Pionni\u00e8re de la technique dans la r\u00e9gion nantaise depuis 2003, je m\u2019engage au service de mes clients suivant un code \u00e9thique pr\u00e9cis.<br>Cette d\u00e9ontologie est n\u00e9cessaire pour garantir la confidentialit\u00e9 des s\u00e9ances.<\/p>\n\n\n\n<p><span style=\"color: #ff5b00;\">Celles-ci se d\u00e9roulent toujours dans le respect de ce qui est juste pour vous.<\/span><\/p>\n","protected":false},"excerpt":{"rendered":"<p>UNE COUPE AU COUPE-CHOU Praticienne en \u00e9nerg\u00e9tique capillaire, j\u2019ai d&rsquo;abord exerc\u00e9 comme coiffeuse traditionnelle.Mes d\u00e9buts en coiffure homme m\u2019ont permis de me perfectionner dans le maniement du rasoir \u00ab\u00a0coupe-chou\u00a0\u00bb.Employ\u00e9e dans un salon mixte pendant une douzaine d\u2019ann\u00e9es, c\u2019est tout naturellement que j\u2019ai mis \u00e0 profit l\u2019exp\u00e9rience acquise pour ouvrir mon entreprise \u00e0 Nantes en 1990. [&hellip;]<\/p>\n","protected":false},"author":1,"featured_media":0,"parent":0,"menu_order":0,"comment_status":"closed","ping_status":"closed","template":"","meta":{"material-hide-sections":{"title":true},"footnotes":""},"class_list":["post-35","page","type-page","status-publish","hentry"],"_links":{"self":[{"href":"http:\/\/aucoeurdescheveux.com\/energetique_capillaire\/wp-json\/wp\/v2\/pages\/35","targetHints":{"allow":["GET"]}}],"collection":[{"href":"http:\/\/aucoeurdescheveux.com\/energetique_capillaire\/wp-json\/wp\/v2\/pages"}],"about":[{"href":"http:\/\/aucoeurdescheveux.com\/energetique_capillaire\/wp-json\/wp\/v2\/types\/page"}],"author":[{"embeddable":true,"href":"http:\/\/aucoeurdescheveux.com\/energetique_capillaire\/wp-json\/wp\/v2\/users\/1"}],"replies":[{"embeddable":true,"href":"http:\/\/aucoeurdescheveux.com\/energetique_capillaire\/wp-json\/wp\/v2\/comments?post=35"}],"version-history":[{"count":37,"href":"http:\/\/aucoeurdescheveux.com\/energetique_capillaire\/wp-json\/wp\/v2\/pages\/35\/revisions"}],"predecessor-version":[{"id":453,"href":"http:\/\/aucoeurdescheveux.com\/energetique_capillaire\/wp-json\/wp\/v2\/pages\/35\/revisions\/453"}],"wp:attachment":[{"href":"http:\/\/aucoeurdescheveux.com\/energetique_capillaire\/wp-json\/wp\/v2\/media?parent=35"}],"curies":[{"name":"wp","href":"https:\/\/api.w.org\/{rel}","templated":true}]}}