{"id":39,"date":"2022-02-17T14:39:10","date_gmt":"2022-02-17T13:39:10","guid":{"rendered":"http:\/\/aucoeurdescheveux.com\/energetique_capillaire\/?page_id=39"},"modified":"2026-02-08T19:24:25","modified_gmt":"2026-02-08T18:24:25","slug":"linstitut","status":"publish","type":"page","link":"http:\/\/aucoeurdescheveux.com\/energetique_capillaire\/linstitut\/","title":{"rendered":"L&rsquo;institut"},"content":{"rendered":"\n<div style=\"height:10px\" aria-hidden=\"true\" class=\"wp-block-spacer\"><\/div>\n\n\n<div class=\"su-image-carousel  su-image-carousel-columns-3 su-image-carousel-has-spacing su-image-carousel-crop su-image-carousel-crop-2-3 su-image-carousel-has-outline su-image-carousel-adaptive su-image-carousel-slides-style-default su-image-carousel-controls-style-light su-image-carousel-align-center\" style=\"\" data-flickity-options='{\"groupCells\":true,\"cellSelector\":\".su-image-carousel-item\",\"adaptiveHeight\":false,\"cellAlign\":\"left\",\"prevNextButtons\":true,\"pageDots\":true,\"autoPlay\":5000,\"imagesLoaded\":true,\"contain\":true,\"selectedAttraction\":0.025,\"friction\":0.28}' id=\"su_image_carousel_69e07542d4297\"><div class=\"su-image-carousel-item\"><div class=\"su-image-carousel-item-content\"><img loading=\"lazy\" decoding=\"async\" width=\"303\" height=\"640\" src=\"http:\/\/aucoeurdescheveux.com\/energetique_capillaire\/wp-content\/uploads\/2022\/02\/fauteuil.jpg\" class=\"\" alt=\"\" srcset=\"http:\/\/aucoeurdescheveux.com\/energetique_capillaire\/wp-content\/uploads\/2022\/02\/fauteuil.jpg 303w, http:\/\/aucoeurdescheveux.com\/energetique_capillaire\/wp-content\/uploads\/2022\/02\/fauteuil-142x300.jpg 142w\" sizes=\"auto, (max-width: 303px) 100vw, 303px\" \/><\/div><\/div><div class=\"su-image-carousel-item\"><div class=\"su-image-carousel-item-content\"><img loading=\"lazy\" decoding=\"async\" width=\"302\" height=\"640\" src=\"http:\/\/aucoeurdescheveux.com\/energetique_capillaire\/wp-content\/uploads\/2022\/02\/salon.jpg\" class=\"\" alt=\"\" srcset=\"http:\/\/aucoeurdescheveux.com\/energetique_capillaire\/wp-content\/uploads\/2022\/02\/salon.jpg 302w, http:\/\/aucoeurdescheveux.com\/energetique_capillaire\/wp-content\/uploads\/2022\/02\/salon-142x300.jpg 142w\" sizes=\"auto, (max-width: 302px) 100vw, 302px\" \/><\/div><\/div><div class=\"su-image-carousel-item\"><div class=\"su-image-carousel-item-content\"><img loading=\"lazy\" decoding=\"async\" width=\"643\" height=\"1358\" src=\"http:\/\/aucoeurdescheveux.com\/energetique_capillaire\/wp-content\/uploads\/2022\/02\/siege.jpg\" class=\"\" alt=\"\" srcset=\"http:\/\/aucoeurdescheveux.com\/energetique_capillaire\/wp-content\/uploads\/2022\/02\/siege.jpg 643w, http:\/\/aucoeurdescheveux.com\/energetique_capillaire\/wp-content\/uploads\/2022\/02\/siege-142x300.jpg 142w, http:\/\/aucoeurdescheveux.com\/energetique_capillaire\/wp-content\/uploads\/2022\/02\/siege-485x1024.jpg 485w\" sizes=\"auto, (max-width: 643px) 100vw, 643px\" \/><\/div><\/div><\/div><script id=\"su_image_carousel_69e07542d4297_script\">if(window.SUImageCarousel){setTimeout(function() {window.SUImageCarousel.initGallery(document.getElementById(\"su_image_carousel_69e07542d4297\"))}, 0);}var su_image_carousel_69e07542d4297_script=document.getElementById(\"su_image_carousel_69e07542d4297_script\");if(su_image_carousel_69e07542d4297_script){su_image_carousel_69e07542d4297_script.parentNode.removeChild(su_image_carousel_69e07542d4297_script);}<\/script>\n\n\n<p class=\"has-text-color\" style=\"color: #5ab031;\"><strong>UN LIEU UNIQUE<\/strong><\/p>\n\n\n<p>D\u00e8s l\u2019entr\u00e9e, vous ressentez l\u2019apaisement.<br>Les couleurs, les formes, l\u2019am\u00e9nagement ont \u00e9t\u00e9 con\u00e7us suivant les pr\u00e9ceptes du FENG SHUI et de la g\u00e9obiologie ; je vous accueille en toute intimit\u00e9 pour un moment privil\u00e9gi\u00e9.<\/p>\n\n\n\n<p><span style=\"color: #ff5b00;\">Les lumi\u00e8res de jour et la luminoth\u00e9rapie, les plantes, la musique sont autant d\u2019\u00e9l\u00e9ments choisis avec soin pour votre confort et votre r\u00e9confort.<\/span><\/p>\n\n\n<p class=\"has-text-color\" style=\"color: #5ab031;\"><strong>UN LIEU D\u00c9DI\u00c9 \u00c0 VOTRE BIEN-\u00caTRE<\/strong><\/p>\n\n\n<p>Chaleur et harmonie !<br>\u00c0 eux deux, ces vocables r\u00e9sument l\u2019esprit de ce lieu unique en son genre.<br>Vous en \u00eates le seul b\u00e9n\u00e9ficiaire.<\/p>\n\n\n\n<p><span style=\"color: #ff5b00;\">Si quelques minutes de patience vous sont demand\u00e9es, th\u00e9, caf\u00e9 ou tisanes sont propos\u00e9es.<br>Vous pourrez \u00e9galement profiter de la lecture mise \u00e0 votre disposition.<\/span><\/p>\n\n\n<p class=\"has-text-color\" style=\"color: #5ab031;\"><strong>SUR RENDEZ-VOUS UNIQUEMENT, je vous accueille du lundi au vendredi.<\/strong><\/p>\n\n\n<p><strong>TARIFS<\/strong><\/p>\n\n\n\n<p class=\"has-luminous-vivid-orange-color has-text-color\"><strong>Forfaits Coupe \u00e9nerg\u00e9tique<\/strong><br>shampooing, massage, coupe, s\u00e9chage<\/p>\n\n\n\n<ul class=\"wp-block-list\">\n<li>Soin et coupe \u00e9nerg\u00e9tique, avec analyse et entretien pr\u00e9alable (2h) : 105\u20ac<\/li>\n\n\n\n<li>Soin et coupe \u00e9nerg\u00e9tique (1h15) 85\u20ac<\/li>\n\n\n\n<li>Coupe apaisante 55\u20ac<\/li>\n<\/ul>\n\n\n\n<p class=\"has-luminous-vivid-orange-color has-text-color\"><strong>Forfaits Coupe traditionnelle<\/strong><br>shampooing, coupe, s\u00e9chage<\/p>\n\n\n\n<ul class=\"wp-block-list\">\n<li>Hommes 30\u20ac<\/li>\n\n\n\n<li>Barbes 18\u20ac<\/li>\n\n\n\n<li>Femmes 40\u20ac<\/li>\n\n\n\n<li>Enfants (de moins de 10 ans) 20\u20ac<\/li>\n\n\n\n<li>Adolescents 25\u20ac<\/li>\n<\/ul>\n","protected":false},"excerpt":{"rendered":"<p>UN LIEU UNIQUE D\u00e8s l\u2019entr\u00e9e, vous ressentez l\u2019apaisement.Les couleurs, les formes, l\u2019am\u00e9nagement ont \u00e9t\u00e9 con\u00e7us suivant les pr\u00e9ceptes du FENG SHUI et de la g\u00e9obiologie ; je vous accueille en toute intimit\u00e9 pour un moment privil\u00e9gi\u00e9. Les lumi\u00e8res de jour et la luminoth\u00e9rapie, les plantes, la musique sont autant d\u2019\u00e9l\u00e9ments choisis avec soin pour votre [&hellip;]<\/p>\n","protected":false},"author":1,"featured_media":0,"parent":0,"menu_order":0,"comment_status":"closed","ping_status":"closed","template":"","meta":{"material-hide-sections":{"title":true},"footnotes":""},"class_list":["post-39","page","type-page","status-publish","hentry"],"_links":{"self":[{"href":"http:\/\/aucoeurdescheveux.com\/energetique_capillaire\/wp-json\/wp\/v2\/pages\/39","targetHints":{"allow":["GET"]}}],"collection":[{"href":"http:\/\/aucoeurdescheveux.com\/energetique_capillaire\/wp-json\/wp\/v2\/pages"}],"about":[{"href":"http:\/\/aucoeurdescheveux.com\/energetique_capillaire\/wp-json\/wp\/v2\/types\/page"}],"author":[{"embeddable":true,"href":"http:\/\/aucoeurdescheveux.com\/energetique_capillaire\/wp-json\/wp\/v2\/users\/1"}],"replies":[{"embeddable":true,"href":"http:\/\/aucoeurdescheveux.com\/energetique_capillaire\/wp-json\/wp\/v2\/comments?post=39"}],"version-history":[{"count":12,"href":"http:\/\/aucoeurdescheveux.com\/energetique_capillaire\/wp-json\/wp\/v2\/pages\/39\/revisions"}],"predecessor-version":[{"id":475,"href":"http:\/\/aucoeurdescheveux.com\/energetique_capillaire\/wp-json\/wp\/v2\/pages\/39\/revisions\/475"}],"wp:attachment":[{"href":"http:\/\/aucoeurdescheveux.com\/energetique_capillaire\/wp-json\/wp\/v2\/media?parent=39"}],"curies":[{"name":"wp","href":"https:\/\/api.w.org\/{rel}","templated":true}]}}